{"id":11997,"date":"2023-10-25T11:09:43","date_gmt":"2023-10-25T08:09:43","guid":{"rendered":"https:\/\/synerall.com\/references\/"},"modified":"2024-03-15T14:16:08","modified_gmt":"2024-03-15T11:16:08","slug":"asiakastarinamme","status":"publish","type":"page","link":"https:\/\/synerall.com\/fi\/asiakastarinamme\/","title":{"rendered":"Asiakastarinamme"},"content":{"rendered":"\t\t<div data-elementor-type=\"wp-page\" data-elementor-id=\"11997\" class=\"elementor elementor-11997 elementor-10618\" data-elementor-post-type=\"page\">\n\t\t\t\t<div class=\"elementor-element elementor-element-5ace4f4 e-con-full e-flex e-con e-parent\" data-id=\"5ace4f4\" data-element_type=\"container\" data-settings=\"{&quot;background_background&quot;:&quot;classic&quot;}\">\n\t\t<div class=\"elementor-element elementor-element-25707ca e-flex e-con-boxed e-con e-child\" data-id=\"25707ca\" data-element_type=\"container\">\n\t\t\t\t\t<div class=\"e-con-inner\">\n\t\t\t\t<div class=\"elementor-element elementor-element-4d1ff06 elementor-widget elementor-widget-hub_fancy_heading\" data-id=\"4d1ff06\" data-element_type=\"widget\" data-widget_type=\"hub_fancy_heading.default\">\n\t\t\t\t<div class=\"elementor-widget-container\">\n\t\t\t\t\t\n\t\t<div id=\"ld-fancy-heading-69e74cc349a76\" class=\"ld-fancy-heading pos-rel\">\n\t\t\t<h1 class=\"ld-fh-element d-inline-block pos-rel  elementor-heading-title lqd-highlight-classic lqd-highlight-grow-left h1\"  > Asiakastarinat<\/h1>\t\t<\/div>\n\n\t\t\t\t\t\t<\/div>\n\t\t\t\t<\/div>\n\t\t<div class=\"elementor-element elementor-element-30c1d6b e-con-full e-flex e-con e-child\" data-id=\"30c1d6b\" data-element_type=\"container\">\n\t\t<div class=\"elementor-element elementor-element-e9cabd2 e-con-full e-flex e-con e-child\" data-id=\"e9cabd2\" data-element_type=\"container\">\n\t\t\t\t<div class=\"elementor-element elementor-element-eae2126 elementor-widget elementor-widget-hub_fancy_heading\" data-id=\"eae2126\" data-element_type=\"widget\" data-widget_type=\"hub_fancy_heading.default\">\n\t\t\t\t<div class=\"elementor-widget-container\">\n\t\t\t\t\t\n\t\t<div id=\"ld-fancy-heading-69e74cc349e4f\" class=\"ld-fancy-heading pos-rel\">\n\t\t\t<h2 class=\"ld-fh-element d-inline-block pos-rel  elementor-heading-title lqd-highlight-classic lqd-highlight-grow-left h2\"  > Asiakkaamme sanovat<\/h2>\t\t<\/div>\n\n\t\t\t\t\t\t<\/div>\n\t\t\t\t<\/div>\n\t\t\t\t<\/div>\n\t\t<div class=\"elementor-element elementor-element-586324b e-con-full e-flex e-con e-child\" data-id=\"586324b\" data-element_type=\"container\">\n\t\t\t\t<div class=\"elementor-element elementor-element-4c3135f elementor-widget elementor-widget-hub_fancy_heading\" data-id=\"4c3135f\" data-element_type=\"widget\" data-widget_type=\"hub_fancy_heading.default\">\n\t\t\t\t<div class=\"elementor-widget-container\">\n\t\t\t\t\t\n\t\t<div id=\"ld-fancy-heading-69e74cc34a17a\" class=\"ld-fancy-heading pos-rel\">\n\t\t\t<p class=\"ld-fh-element d-inline-block pos-rel  lqd-highlight-classic lqd-highlight-grow-left p\"  > Asiakastyytyv\u00e4isyys on meille syd\u00e4men asia. Siksi teemme kaikkemme sen eteen, ett\u00e4 palvelumme t\u00e4ytt\u00e4v\u00e4t ja jopa ylitt\u00e4v\u00e4t asiakkaidemme odotukset. Tutustu heid\u00e4n tarinoihinsa, jotka kertovat sitoutumisestamme laatuun ja palveluun. <\/p>\t\t<\/div>\n\n\t\t\t\t\t\t<\/div>\n\t\t\t\t<\/div>\n\t\t\t\t<\/div>\n\t\t\t\t<\/div>\n\t\t\t\t\t<\/div>\n\t\t\t\t<\/div>\n\t\t\t\t<\/div>\n\t\t<div class=\"elementor-element elementor-element-ba9577d e-flex e-con-boxed e-con e-parent\" data-id=\"ba9577d\" data-element_type=\"container\">\n\t\t\t\t\t<div class=\"e-con-inner\">\n\t\t\t\t<div class=\"elementor-element elementor-element-89e4f5b elementor-widget elementor-widget-ld_portfolio\" data-id=\"89e4f5b\" data-element_type=\"widget\" data-widget_type=\"ld_portfolio.default\">\n\t\t\t\t<div class=\"elementor-widget-container\">\n\t\t\t\t\t<div class=\"lqd-pf-grid lqd-pf-grid-89e4f5b\"><div id=\"lqd-pf-grid-89e4f5b\" class=\"lqd-pf-row row d-flex flex-wrap lqd-pf-grid-89e4f5b\" data-liquid-masonry=\"true\" data-masonry-options='{ \"layoutMode\": \"packery\" }'><div class=\"lqd-pf-column col-md-6 col-sm-6 col-xs-12 masonry-item  \">\n\n\t<article id=\"post-12350\" class=\"lqd-pf-item lqd-pf-item-style-1 lqd-pf-dark pf-details-h-end pos-rel overflow-hidden post-12350 liquid-portfolio type-liquid-portfolio status-publish format-standard has-post-thumbnail hentry\">\n\t\t<div class=\"lqd-pf-item-inner\">\n\n\t\t\t<div class=\"lqd-pf-img\">\n\t\t\t\t<figure>\n\t\t\t\t\t<figure class=\"w-100\"><img fetchpriority=\"high\" decoding=\"async\" width=\"1152\" height=\"768\" src=\"https:\/\/synerall.com\/wp-content\/uploads\/2024\/02\/Synerall-Kokkola-model-Medium.jpg\" class=\"w-100 wp-post-image\" alt=\"\" srcset=\"https:\/\/synerall.com\/wp-content\/uploads\/2024\/02\/Synerall-Kokkola-model-Medium.jpg 1152w, https:\/\/synerall.com\/wp-content\/uploads\/2024\/02\/Synerall-Kokkola-model-Medium-300x200.jpg 300w, https:\/\/synerall.com\/wp-content\/uploads\/2024\/02\/Synerall-Kokkola-model-Medium-1024x683.jpg 1024w\" sizes=\"(max-width: 1152px) 100vw, 1152px\" itemprop=\"image\" \/><\/figure>\t\t\t\t<\/figure>\n\t\t\t<\/div>\n\n\t\t\t<div class=\"lqd-pf-details d-flex flex-wrap pos-rel border-radius-4\">\n\t\t\t\t<span class=\"lqd-pf-overlay-bg lqd-overlay\"><\/span>\n\t\t\t\t<div class=\"lqd-pf-info d-flex flex-wrap align-items-center justify-content-between w-100 p-4\">\n\t\t\t\t\t\t\t\t\t\t<h2 class=\"lqd-pf-title mt-0 mb-0 h5\">Kokkolan mallista tuli ilmi\u00f6 \u2013 n\u00e4in projekti saatiin maaliin<\/h2>\t\t\t\t\t\t\t\t\t<\/div>\n\t\t\t<\/div>\n\n\t\t\t<a href=\"https:\/\/synerall.com\/fi\/asiakastarinamme\/kokkolan-mallista-tuli-ilmio-nain-projekti-saatiin-maaliin\/\"  class=\"lqd-overlay lqd-pf-overlay-link lqd-cc-label-trigger\" ><\/a>\n\t\t<\/div>\n\t<\/article>\n\n<\/div><div class=\"lqd-pf-column col-md-6 col-sm-6 col-xs-12 masonry-item  \">\n\n\t<article id=\"post-12315\" class=\"lqd-pf-item lqd-pf-item-style-1 lqd-pf-dark pf-details-h-end pos-rel overflow-hidden post-12315 liquid-portfolio type-liquid-portfolio status-publish format-standard has-post-thumbnail hentry\">\n\t\t<div class=\"lqd-pf-item-inner\">\n\n\t\t\t<div class=\"lqd-pf-img\">\n\t\t\t\t<figure>\n\t\t\t\t\t<figure class=\"w-100\"><img decoding=\"async\" width=\"1152\" height=\"768\" src=\"data:image\/svg+xml;charset=utf-8,%3Csvg xmlns%3D&#039;http%3A%2F%2Fwww.w3.org%2F2000%2Fsvg&#039; viewBox%3D&#039;0 0 1152 768&#039;%2F%3E\" class=\"w-100 ld-lazyload wp-post-image\" alt=\"\" itemprop=\"image\" data-src=\"https:\/\/synerall.com\/wp-content\/uploads\/2024\/02\/Synerall-Lump-Sum-Option-2-Medium.jpg\" data-srcset=\"https:\/\/synerall.com\/wp-content\/uploads\/2024\/02\/Synerall-Lump-Sum-Option-2-Medium.jpg 1152w, https:\/\/synerall.com\/wp-content\/uploads\/2024\/02\/Synerall-Lump-Sum-Option-2-Medium-300x200.jpg 300w, https:\/\/synerall.com\/wp-content\/uploads\/2024\/02\/Synerall-Lump-Sum-Option-2-Medium-1024x683.jpg 1024w\" data-sizes=\"(max-width: 1152px) 100vw, 1152px\" data-aspect=\"1.5\" \/><\/figure>\t\t\t\t<\/figure>\n\t\t\t<\/div>\n\n\t\t\t<div class=\"lqd-pf-details d-flex flex-wrap pos-rel border-radius-4\">\n\t\t\t\t<span class=\"lqd-pf-overlay-bg lqd-overlay\"><\/span>\n\t\t\t\t<div class=\"lqd-pf-info d-flex flex-wrap align-items-center justify-content-between w-100 p-4\">\n\t\t\t\t\t\t\t\t\t\t<h2 class=\"lqd-pf-title mt-0 mb-0 h5\">Paniikki vaihtui helpotukseen \u2013 ennakointi kannatti kertakorvausurakassa<\/h2>\t\t\t\t\t\t\t\t\t<\/div>\n\t\t\t<\/div>\n\n\t\t\t<a href=\"https:\/\/synerall.com\/fi\/asiakastarinamme\/paniikki-vaihtui-helpotukseen-ennakointi-kannatti-kertakorvausurakassa\/\"  class=\"lqd-overlay lqd-pf-overlay-link lqd-cc-label-trigger\" ><\/a>\n\t\t<\/div>\n\t<\/article>\n\n<\/div><div class=\"lqd-pf-column col-md-6 col-sm-6 col-xs-12 masonry-item  \">\n\n\t<article id=\"post-12282\" class=\"lqd-pf-item lqd-pf-item-style-1 lqd-pf-dark pf-details-h-end pos-rel overflow-hidden post-12282 liquid-portfolio type-liquid-portfolio status-publish format-standard has-post-thumbnail hentry\">\n\t\t<div class=\"lqd-pf-item-inner\">\n\n\t\t\t<div class=\"lqd-pf-img\">\n\t\t\t\t<figure>\n\t\t\t\t\t<figure class=\"w-100\"><img decoding=\"async\" width=\"1153\" height=\"768\" src=\"data:image\/svg+xml;charset=utf-8,%3Csvg xmlns%3D&#039;http%3A%2F%2Fwww.w3.org%2F2000%2Fsvg&#039; viewBox%3D&#039;0 0 1153 768&#039;%2F%3E\" class=\"w-100 ld-lazyload wp-post-image\" alt=\"\" itemprop=\"image\" data-src=\"https:\/\/synerall.com\/wp-content\/uploads\/2024\/02\/Synerall-Datahub-Medium.jpg\" data-srcset=\"https:\/\/synerall.com\/wp-content\/uploads\/2024\/02\/Synerall-Datahub-Medium.jpg 1153w, https:\/\/synerall.com\/wp-content\/uploads\/2024\/02\/Synerall-Datahub-Medium-300x200.jpg 300w, https:\/\/synerall.com\/wp-content\/uploads\/2024\/02\/Synerall-Datahub-Medium-1024x682.jpg 1024w\" data-sizes=\"(max-width: 1153px) 100vw, 1153px\" data-aspect=\"1.5013020833333\" \/><\/figure>\t\t\t\t<\/figure>\n\t\t\t<\/div>\n\n\t\t\t<div class=\"lqd-pf-details d-flex flex-wrap pos-rel border-radius-4\">\n\t\t\t\t<span class=\"lqd-pf-overlay-bg lqd-overlay\"><\/span>\n\t\t\t\t<div class=\"lqd-pf-info d-flex flex-wrap align-items-center justify-content-between w-100 p-4\">\n\t\t\t\t\t\t\t\t\t\t<h2 class=\"lqd-pf-title mt-0 mb-0 h5\">Synerall luotsasi asiakkaansa Datahubiin ennn\u00e4tysajassa<\/h2>\t\t\t\t\t\t\t\t\t<\/div>\n\t\t\t<\/div>\n\n\t\t\t<a href=\"https:\/\/synerall.com\/fi\/asiakastarinamme\/synerall-luotsasi-asiakkaansa-datahubiin-ennnatysajassa\/\"  class=\"lqd-overlay lqd-pf-overlay-link lqd-cc-label-trigger\" ><\/a>\n\t\t<\/div>\n\t<\/article>\n\n<\/div><\/div><\/div>\t\t\t\t<\/div>\n\t\t\t\t<\/div>\n\t\t\t\t\t<\/div>\n\t\t\t\t<\/div>\n\t\t\t\t<\/div>\n\t\t","protected":false},"excerpt":{"rendered":"<p>Asiakastarinat Asiakkaamme sanovat Asiakastyytyv\u00e4isyys on meille syd\u00e4men asia. Siksi teemme kaikkemme sen eteen, ett\u00e4 palvelumme t\u00e4ytt\u00e4v\u00e4t ja jopa ylitt\u00e4v\u00e4t asiakkaidemme odotukset. Tutustu heid\u00e4n tarinoihinsa, jotka kertovat sitoutumisestamme laatuun ja palveluun. Kokkolan mallista tuli ilmi\u00f6 \u2013 n\u00e4in projekti saatiin maaliin Paniikki vaihtui helpotukseen \u2013 ennakointi kannatti kertakorvausurakassa Synerall luotsasi asiakkaansa Datahubiin ennn\u00e4tysajassa<\/p>\n","protected":false},"author":12,"featured_media":0,"parent":0,"menu_order":0,"comment_status":"closed","ping_status":"closed","template":"","meta":{"footnotes":""},"class_list":["post-11997","page","type-page","status-publish","hentry"],"_links":{"self":[{"href":"https:\/\/synerall.com\/fi\/wp-json\/wp\/v2\/pages\/11997","targetHints":{"allow":["GET"]}}],"collection":[{"href":"https:\/\/synerall.com\/fi\/wp-json\/wp\/v2\/pages"}],"about":[{"href":"https:\/\/synerall.com\/fi\/wp-json\/wp\/v2\/types\/page"}],"author":[{"embeddable":true,"href":"https:\/\/synerall.com\/fi\/wp-json\/wp\/v2\/users\/12"}],"replies":[{"embeddable":true,"href":"https:\/\/synerall.com\/fi\/wp-json\/wp\/v2\/comments?post=11997"}],"version-history":[{"count":4,"href":"https:\/\/synerall.com\/fi\/wp-json\/wp\/v2\/pages\/11997\/revisions"}],"predecessor-version":[{"id":12981,"href":"https:\/\/synerall.com\/fi\/wp-json\/wp\/v2\/pages\/11997\/revisions\/12981"}],"wp:attachment":[{"href":"https:\/\/synerall.com\/fi\/wp-json\/wp\/v2\/media?parent=11997"}],"curies":[{"name":"wp","href":"https:\/\/api.w.org\/{rel}","templated":true}]}}