{"id":11998,"date":"2023-10-25T11:09:43","date_gmt":"2023-10-25T08:09:43","guid":{"rendered":"https:\/\/synerall.com\/references\/"},"modified":"2024-02-19T09:57:23","modified_gmt":"2024-02-19T06:57:23","slug":"referenser","status":"publish","type":"page","link":"https:\/\/synerall.com\/sv\/referenser\/","title":{"rendered":"Referenser"},"content":{"rendered":"\t\t<div data-elementor-type=\"wp-page\" data-elementor-id=\"11998\" class=\"elementor elementor-11998 elementor-10618\" data-elementor-post-type=\"page\">\n\t\t\t\t<div class=\"elementor-element elementor-element-5ace4f4 e-con-full e-flex e-con e-parent\" data-id=\"5ace4f4\" data-element_type=\"container\" data-settings=\"{&quot;background_background&quot;:&quot;classic&quot;}\">\n\t\t<div class=\"elementor-element elementor-element-25707ca e-flex e-con-boxed e-con e-child\" data-id=\"25707ca\" data-element_type=\"container\">\n\t\t\t\t\t<div class=\"e-con-inner\">\n\t\t\t\t<div class=\"elementor-element elementor-element-4d1ff06 elementor-widget elementor-widget-hub_fancy_heading\" data-id=\"4d1ff06\" data-element_type=\"widget\" data-widget_type=\"hub_fancy_heading.default\">\n\t\t\t\t<div class=\"elementor-widget-container\">\n\t\t\t\t\t\n\t\t<div id=\"ld-fancy-heading-69e5b60941cb1\" class=\"ld-fancy-heading pos-rel\">\n\t\t\t<h1 class=\"ld-fh-element d-inline-block pos-rel  elementor-heading-title lqd-highlight-classic lqd-highlight-grow-left h1\"  > Referenser<\/h1>\t\t<\/div>\n\n\t\t\t\t\t\t<\/div>\n\t\t\t\t<\/div>\n\t\t<div class=\"elementor-element elementor-element-30c1d6b e-con-full e-flex e-con e-child\" data-id=\"30c1d6b\" data-element_type=\"container\">\n\t\t<div class=\"elementor-element elementor-element-e9cabd2 e-con-full e-flex e-con e-child\" data-id=\"e9cabd2\" data-element_type=\"container\">\n\t\t\t\t<div class=\"elementor-element elementor-element-eae2126 elementor-widget elementor-widget-hub_fancy_heading\" data-id=\"eae2126\" data-element_type=\"widget\" data-widget_type=\"hub_fancy_heading.default\">\n\t\t\t\t<div class=\"elementor-widget-container\">\n\t\t\t\t\t\n\t\t<div id=\"ld-fancy-heading-69e5b609423d7\" class=\"ld-fancy-heading pos-rel\">\n\t\t\t<h2 class=\"ld-fh-element d-inline-block pos-rel  elementor-heading-title lqd-highlight-classic lqd-highlight-grow-left h2\"  > Vad v\u00e5ra kunder s\u00e4ger\n<\/h2>\t\t<\/div>\n\n\t\t\t\t\t\t<\/div>\n\t\t\t\t<\/div>\n\t\t\t\t<\/div>\n\t\t<div class=\"elementor-element elementor-element-586324b e-con-full e-flex e-con e-child\" data-id=\"586324b\" data-element_type=\"container\">\n\t\t\t\t<div class=\"elementor-element elementor-element-4c3135f elementor-widget elementor-widget-hub_fancy_heading\" data-id=\"4c3135f\" data-element_type=\"widget\" data-widget_type=\"hub_fancy_heading.default\">\n\t\t\t\t<div class=\"elementor-widget-container\">\n\t\t\t\t\t\n\t\t<div id=\"ld-fancy-heading-69e5b60942a00\" class=\"ld-fancy-heading pos-rel\">\n\t\t\t<p class=\"ld-fh-element d-inline-block pos-rel  lqd-highlight-classic lqd-highlight-grow-left p\"  > L\u00e4s nedan varf\u00f6r v\u00e5ra kunder v\u00e4ljer oss g\u00e5ng p\u00e5 g\u00e5ng. Kundn\u00f6jdhet ligger oss varmt om hj\u00e4rtat, och vi \u00e4r stolta \u00f6ver att kunna erbjuda tj\u00e4nster som inte bara uppfyller utan \u00f6vertr\u00e4ffar f\u00f6rv\u00e4ntningarna. Deras ber\u00e4ttelser vittnar om v\u00e5rt engagemang f\u00f6r kvalitet och service.<\/p>\t\t<\/div>\n\n\t\t\t\t\t\t<\/div>\n\t\t\t\t<\/div>\n\t\t\t\t<\/div>\n\t\t\t\t<\/div>\n\t\t\t\t\t<\/div>\n\t\t\t\t<\/div>\n\t\t\t\t<\/div>\n\t\t<div class=\"elementor-element elementor-element-ba9577d e-flex e-con-boxed e-con e-parent\" data-id=\"ba9577d\" data-element_type=\"container\">\n\t\t\t\t\t<div class=\"e-con-inner\">\n\t\t\t\t<div class=\"elementor-element elementor-element-89e4f5b elementor-widget elementor-widget-ld_portfolio\" data-id=\"89e4f5b\" data-element_type=\"widget\" data-widget_type=\"ld_portfolio.default\">\n\t\t\t\t<div class=\"elementor-widget-container\">\n\t\t\t\t\t<div class=\"lqd-pf-grid lqd-pf-grid-89e4f5b\"><div id=\"lqd-pf-grid-89e4f5b\" class=\"lqd-pf-row row d-flex flex-wrap lqd-pf-grid-89e4f5b\" data-liquid-masonry=\"true\" data-masonry-options='{ \"layoutMode\": \"packery\" }'><div class=\"lqd-pf-column col-md-6 col-sm-6 col-xs-12 masonry-item  \">\n\n\t<article id=\"post-12351\" class=\"lqd-pf-item lqd-pf-item-style-1 lqd-pf-dark pf-details-h-end pos-rel overflow-hidden post-12351 liquid-portfolio type-liquid-portfolio status-publish format-standard has-post-thumbnail hentry\">\n\t\t<div class=\"lqd-pf-item-inner\">\n\n\t\t\t<div class=\"lqd-pf-img\">\n\t\t\t\t<figure>\n\t\t\t\t\t<figure class=\"w-100\"><img fetchpriority=\"high\" decoding=\"async\" width=\"1152\" height=\"768\" src=\"https:\/\/synerall.com\/wp-content\/uploads\/2024\/02\/Synerall-Kokkola-model-Medium.jpg\" class=\"w-100 wp-post-image\" alt=\"\" srcset=\"https:\/\/synerall.com\/wp-content\/uploads\/2024\/02\/Synerall-Kokkola-model-Medium.jpg 1152w, https:\/\/synerall.com\/wp-content\/uploads\/2024\/02\/Synerall-Kokkola-model-Medium-300x200.jpg 300w, https:\/\/synerall.com\/wp-content\/uploads\/2024\/02\/Synerall-Kokkola-model-Medium-1024x683.jpg 1024w\" sizes=\"(max-width: 1152px) 100vw, 1152px\" itemprop=\"image\" \/><\/figure>\t\t\t\t<\/figure>\n\t\t\t<\/div>\n\n\t\t\t<div class=\"lqd-pf-details d-flex flex-wrap pos-rel border-radius-4\">\n\t\t\t\t<span class=\"lqd-pf-overlay-bg lqd-overlay\"><\/span>\n\t\t\t\t<div class=\"lqd-pf-info d-flex flex-wrap align-items-center justify-content-between w-100 p-4\">\n\t\t\t\t\t\t\t\t\t\t<h2 class=\"lqd-pf-title mt-0 mb-0 h5\">Karleby-modellen blev ett fenomen \u2013 s\u00e5 h\u00e4r slutf\u00f6rdes projektet<\/h2>\t\t\t\t\t\t\t\t\t<\/div>\n\t\t\t<\/div>\n\n\t\t\t<a href=\"https:\/\/synerall.com\/sv\/referenser\/karleby-modellen-blev-ett-fenomen-sa-har-slutfordes-projektet\/\"  class=\"lqd-overlay lqd-pf-overlay-link lqd-cc-label-trigger\" ><\/a>\n\t\t<\/div>\n\t<\/article>\n\n<\/div><div class=\"lqd-pf-column col-md-6 col-sm-6 col-xs-12 masonry-item  \">\n\n\t<article id=\"post-12328\" class=\"lqd-pf-item lqd-pf-item-style-1 lqd-pf-dark pf-details-h-end pos-rel overflow-hidden post-12328 liquid-portfolio type-liquid-portfolio status-publish format-standard has-post-thumbnail hentry\">\n\t\t<div class=\"lqd-pf-item-inner\">\n\n\t\t\t<div class=\"lqd-pf-img\">\n\t\t\t\t<figure>\n\t\t\t\t\t<figure class=\"w-100\"><img decoding=\"async\" width=\"1152\" height=\"768\" src=\"data:image\/svg+xml;charset=utf-8,%3Csvg xmlns%3D&#039;http%3A%2F%2Fwww.w3.org%2F2000%2Fsvg&#039; viewBox%3D&#039;0 0 1152 768&#039;%2F%3E\" class=\"w-100 ld-lazyload wp-post-image\" alt=\"\" itemprop=\"image\" data-src=\"https:\/\/synerall.com\/wp-content\/uploads\/2024\/02\/Synerall-Lump-Sum-Option-2-Medium.jpg\" data-srcset=\"https:\/\/synerall.com\/wp-content\/uploads\/2024\/02\/Synerall-Lump-Sum-Option-2-Medium.jpg 1152w, https:\/\/synerall.com\/wp-content\/uploads\/2024\/02\/Synerall-Lump-Sum-Option-2-Medium-300x200.jpg 300w, https:\/\/synerall.com\/wp-content\/uploads\/2024\/02\/Synerall-Lump-Sum-Option-2-Medium-1024x683.jpg 1024w\" data-sizes=\"(max-width: 1152px) 100vw, 1152px\" data-aspect=\"1.5\" \/><\/figure>\t\t\t\t<\/figure>\n\t\t\t<\/div>\n\n\t\t\t<div class=\"lqd-pf-details d-flex flex-wrap pos-rel border-radius-4\">\n\t\t\t\t<span class=\"lqd-pf-overlay-bg lqd-overlay\"><\/span>\n\t\t\t\t<div class=\"lqd-pf-info d-flex flex-wrap align-items-center justify-content-between w-100 p-4\">\n\t\t\t\t\t\t\t\t\t\t<h2 class=\"lqd-pf-title mt-0 mb-0 h5\">Paniken byttes till l\u00e4ttnad \u2013 f\u00f6rutseende l\u00f6nade sig i eng\u00e5ngsers\u00e4ttningprojektet<\/h2>\t\t\t\t\t\t\t\t\t<\/div>\n\t\t\t<\/div>\n\n\t\t\t<a href=\"https:\/\/synerall.com\/sv\/referenser\/paniken-byttes-till-lattnad-forutseende-lonade-sig-i-engangsersattningprojektet\/\"  class=\"lqd-overlay lqd-pf-overlay-link lqd-cc-label-trigger\" ><\/a>\n\t\t<\/div>\n\t<\/article>\n\n<\/div><div class=\"lqd-pf-column col-md-6 col-sm-6 col-xs-12 masonry-item  \">\n\n\t<article id=\"post-12287\" class=\"lqd-pf-item lqd-pf-item-style-1 lqd-pf-dark pf-details-h-end pos-rel overflow-hidden post-12287 liquid-portfolio type-liquid-portfolio status-publish format-standard has-post-thumbnail hentry\">\n\t\t<div class=\"lqd-pf-item-inner\">\n\n\t\t\t<div class=\"lqd-pf-img\">\n\t\t\t\t<figure>\n\t\t\t\t\t<figure class=\"w-100\"><img decoding=\"async\" width=\"1153\" height=\"768\" src=\"data:image\/svg+xml;charset=utf-8,%3Csvg xmlns%3D&#039;http%3A%2F%2Fwww.w3.org%2F2000%2Fsvg&#039; viewBox%3D&#039;0 0 1153 768&#039;%2F%3E\" class=\"w-100 ld-lazyload wp-post-image\" alt=\"\" itemprop=\"image\" data-src=\"https:\/\/synerall.com\/wp-content\/uploads\/2024\/02\/Synerall-Datahub-Medium.jpg\" data-srcset=\"https:\/\/synerall.com\/wp-content\/uploads\/2024\/02\/Synerall-Datahub-Medium.jpg 1153w, https:\/\/synerall.com\/wp-content\/uploads\/2024\/02\/Synerall-Datahub-Medium-300x200.jpg 300w, https:\/\/synerall.com\/wp-content\/uploads\/2024\/02\/Synerall-Datahub-Medium-1024x682.jpg 1024w\" data-sizes=\"(max-width: 1153px) 100vw, 1153px\" data-aspect=\"1.5013020833333\" \/><\/figure>\t\t\t\t<\/figure>\n\t\t\t<\/div>\n\n\t\t\t<div class=\"lqd-pf-details d-flex flex-wrap pos-rel border-radius-4\">\n\t\t\t\t<span class=\"lqd-pf-overlay-bg lqd-overlay\"><\/span>\n\t\t\t\t<div class=\"lqd-pf-info d-flex flex-wrap align-items-center justify-content-between w-100 p-4\">\n\t\t\t\t\t\t\t\t\t\t<h2 class=\"lqd-pf-title mt-0 mb-0 h5\">Synerall lotsade sina kunder till Datahub p\u00e5 rekordtid<\/h2>\t\t\t\t\t\t\t\t\t<\/div>\n\t\t\t<\/div>\n\n\t\t\t<a href=\"https:\/\/synerall.com\/sv\/referenser\/synerall-lotsade-sina-kunder-till-datahub-pa-rekordtid\/\"  class=\"lqd-overlay lqd-pf-overlay-link lqd-cc-label-trigger\" ><\/a>\n\t\t<\/div>\n\t<\/article>\n\n<\/div><\/div><\/div>\t\t\t\t<\/div>\n\t\t\t\t<\/div>\n\t\t\t\t\t<\/div>\n\t\t\t\t<\/div>\n\t\t\t\t<\/div>\n\t\t","protected":false},"excerpt":{"rendered":"<p>Referenser Vad v\u00e5ra kunder s\u00e4ger L\u00e4s nedan varf\u00f6r v\u00e5ra kunder v\u00e4ljer oss g\u00e5ng p\u00e5 g\u00e5ng. Kundn\u00f6jdhet ligger oss varmt om hj\u00e4rtat, och vi \u00e4r stolta \u00f6ver att kunna erbjuda tj\u00e4nster som inte bara uppfyller utan \u00f6vertr\u00e4ffar f\u00f6rv\u00e4ntningarna. Deras ber\u00e4ttelser vittnar om v\u00e5rt engagemang f\u00f6r kvalitet och service. The Kokkola Model Became a Phenomenon \u2013 Read [&hellip;]<\/p>\n","protected":false},"author":12,"featured_media":0,"parent":0,"menu_order":0,"comment_status":"closed","ping_status":"closed","template":"","meta":{"footnotes":""},"class_list":["post-11998","page","type-page","status-publish","hentry"],"_links":{"self":[{"href":"https:\/\/synerall.com\/sv\/wp-json\/wp\/v2\/pages\/11998","targetHints":{"allow":["GET"]}}],"collection":[{"href":"https:\/\/synerall.com\/sv\/wp-json\/wp\/v2\/pages"}],"about":[{"href":"https:\/\/synerall.com\/sv\/wp-json\/wp\/v2\/types\/page"}],"author":[{"embeddable":true,"href":"https:\/\/synerall.com\/sv\/wp-json\/wp\/v2\/users\/12"}],"replies":[{"embeddable":true,"href":"https:\/\/synerall.com\/sv\/wp-json\/wp\/v2\/comments?post=11998"}],"version-history":[{"count":4,"href":"https:\/\/synerall.com\/sv\/wp-json\/wp\/v2\/pages\/11998\/revisions"}],"predecessor-version":[{"id":12816,"href":"https:\/\/synerall.com\/sv\/wp-json\/wp\/v2\/pages\/11998\/revisions\/12816"}],"wp:attachment":[{"href":"https:\/\/synerall.com\/sv\/wp-json\/wp\/v2\/media?parent=11998"}],"curies":[{"name":"wp","href":"https:\/\/api.w.org\/{rel}","templated":true}]}}