{"id":12011,"date":"2023-11-28T12:46:00","date_gmt":"2023-11-28T09:46:00","guid":{"rendered":"https:\/\/synerall.com\/careers\/"},"modified":"2024-02-16T14:27:13","modified_gmt":"2024-02-16T11:27:13","slug":"jobba-pa-synerall","status":"publish","type":"page","link":"https:\/\/synerall.com\/sv\/jobba-pa-synerall\/","title":{"rendered":"Jobba p\u00e5 Synerall"},"content":{"rendered":"\t\t<div data-elementor-type=\"wp-page\" data-elementor-id=\"12011\" class=\"elementor elementor-12011 elementor-11193\" data-elementor-post-type=\"page\">\n\t\t\t\t<div class=\"elementor-element elementor-element-9cda7a4 e-con-full e-flex e-con e-parent\" data-id=\"9cda7a4\" data-element_type=\"container\" data-settings=\"{&quot;background_background&quot;:&quot;classic&quot;}\">\n\t\t<div class=\"elementor-element elementor-element-13cb9c0 e-flex e-con-boxed e-con e-child\" data-id=\"13cb9c0\" data-element_type=\"container\">\n\t\t\t\t\t<div class=\"e-con-inner\">\n\t\t\t\t<div class=\"elementor-element elementor-element-9b2f562 color-morph-phone elementor-widget elementor-widget-hub_fancy_heading\" data-id=\"9b2f562\" data-element_type=\"widget\" data-widget_type=\"hub_fancy_heading.default\">\n\t\t\t\t<div class=\"elementor-widget-container\">\n\t\t\t\t\t\n\t\t<div id=\"ld-fancy-heading-69e5b784de334\" class=\"ld-fancy-heading pos-rel\">\n\t\t\t<h6 class=\"ld-fh-element d-inline-block pos-rel  elementor-heading-title lqd-highlight-classic lqd-highlight-grow-left h6\"  > Jobba med oss\n<\/h6>\t\t<\/div>\n\n\t\t\t\t\t\t<\/div>\n\t\t\t\t<\/div>\n\t\t<div class=\"elementor-element elementor-element-71fa2ff e-con-full e-flex e-con e-child\" data-id=\"71fa2ff\" data-element_type=\"container\">\n\t\t<div class=\"elementor-element elementor-element-e705741 e-con-full e-flex e-con e-child\" data-id=\"e705741\" data-element_type=\"container\">\n\t\t\t\t<div class=\"elementor-element elementor-element-e2bf8ce color-morph-phone elementor-widget elementor-widget-hub_fancy_heading\" data-id=\"e2bf8ce\" data-element_type=\"widget\" data-widget_type=\"hub_fancy_heading.default\">\n\t\t\t\t<div class=\"elementor-widget-container\">\n\t\t\t\t\t\n\t\t<div id=\"ld-fancy-heading-69e5b784dea74\" class=\"ld-fancy-heading pos-rel\">\n\t\t\t<h1 class=\"ld-fh-element d-inline-block pos-rel  elementor-heading-title lqd-highlight-classic lqd-highlight-grow-left h1\"  > Jobba med oss<\/h1>\t\t<\/div>\n\n\t\t\t\t\t\t<\/div>\n\t\t\t\t<\/div>\n\t\t\t\t<\/div>\n\t\t<div class=\"elementor-element elementor-element-6609eac e-con-full e-flex e-con e-child\" data-id=\"6609eac\" data-element_type=\"container\">\n\t\t\t\t<div class=\"elementor-element elementor-element-fbf10ef elementor-widget elementor-widget-hub_fancy_heading\" data-id=\"fbf10ef\" data-element_type=\"widget\" data-widget_type=\"hub_fancy_heading.default\">\n\t\t\t\t<div class=\"elementor-widget-container\">\n\t\t\t\t\t\n\t\t<div id=\"ld-fancy-heading-69e5b784defce\" class=\"ld-fancy-heading pos-rel\">\n\t\t\t<p class=\"ld-fh-element d-inline-block pos-rel  lqd-highlight-classic lqd-highlight-grow-left p\"  > Vi s\u00f6ker kontinuerligt erfarna systemutvecklare, testare och supportpersonal. Hos oss f\u00e5r du m\u00f6jlighet att utveckla en tj\u00e4nst som g\u00f6r v\u00e5ra kunders dag b\u00e4ttre.<\/br><\/br>\nV\u00e5rt arbete har en betydande samh\u00e4llsdimension, vilket bidrar till arbetets meningsfullhet. Vi hj\u00e4lper energibolag i den gr\u00f6na omst\u00e4llningen och g\u00f6r m\u00e4nniskors vardag smidigare. Hundratusentals m\u00e4nniskor hittar genom v\u00e5r tj\u00e4nst prisv\u00e4rda tj\u00e4nster fr\u00e5n energibolagen.<\/p>\t\t<\/div>\n\n\t\t\t\t\t\t<\/div>\n\t\t\t\t<\/div>\n\t\t\t\t<\/div>\n\t\t\t\t<\/div>\n\t\t\t\t\t<\/div>\n\t\t\t\t<\/div>\n\t\t\t\t<\/div>\n\t\t<div class=\"elementor-element elementor-element-5cce30c e-flex e-con-boxed e-con e-parent\" data-id=\"5cce30c\" data-element_type=\"container\">\n\t\t\t\t\t<div class=\"e-con-inner\">\n\t\t<div class=\"elementor-element elementor-element-8130354 e-con-full e-flex e-con e-child\" data-id=\"8130354\" data-element_type=\"container\">\n\t\t\t\t<div class=\"elementor-element elementor-element-9f9dc1c elementor-widget elementor-widget-hub_fancy_heading\" data-id=\"9f9dc1c\" data-element_type=\"widget\" data-widget_type=\"hub_fancy_heading.default\">\n\t\t\t\t<div class=\"elementor-widget-container\">\n\t\t\t\t\t\n\t\t<div id=\"ld-fancy-heading-69e5b784df4c6\" class=\"ld-fancy-heading pos-rel\">\n\t\t\t<h2 class=\"ld-fh-element d-inline-block pos-rel  elementor-heading-title lqd-highlight-classic lqd-highlight-grow-left h2\"  > Hos oss trivs man eftersom vi erbjuder...<\/h2>\t\t<\/div>\n\n\t\t\t\t\t\t<\/div>\n\t\t\t\t<\/div>\n\t\t\t\t<\/div>\n\t\t<div class=\"elementor-element elementor-element-1051b99 e-con-full e-flex e-con e-child\" data-id=\"1051b99\" data-element_type=\"container\">\n\t\t\t\t<div class=\"elementor-element elementor-element-b606b36 elementor-widget elementor-widget-ld_list\" data-id=\"b606b36\" data-element_type=\"widget\" data-widget_type=\"ld_list.default\">\n\t\t\t\t<div class=\"elementor-widget-container\">\n\t\t\t\t\t\t\t\n\t\t<div class=\"lqd-bullet-list\">\n\t\t\t<ul class=\"bullet-list-ul reset-ul \">\n\t\t\t\t\t\t\t\t\t\t<li class=\"d-flex align-items-center\">Flexibel arbetstid och m\u00f6jlighet till distansarbete<\/li>\n\t\t\t\t\t\t\t\t\t\t<li class=\"d-flex align-items-center\">8-timmars arbetsdag - vi har inte \u00f6vertidsarbete<\/li>\n\t\t\t\t\t\t\t\t\t\t<li class=\"d-flex align-items-center\"> M\u00f6jlighet att utveckla sig sj\u00e4lv och sitt arbete<\/li>\n\t\t\t\t\t\t\t\t\t\t<li class=\"d-flex align-items-center\">Konkurrenskraftig l\u00f6n.<\/li>\n\t\t\t\t\t\t\t<\/ul>\n\t\t<\/div>\n\n\t\t\t\t\t\t<\/div>\n\t\t\t\t<\/div>\n\t\t\t\t<\/div>\n\t\t\t\t\t<\/div>\n\t\t\t\t<\/div>\n\t\t<div class=\"elementor-element elementor-element-46af8fb e-flex e-con-boxed e-con e-parent\" data-id=\"46af8fb\" data-element_type=\"container\" data-settings=\"{&quot;background_background&quot;:&quot;classic&quot;}\">\n\t\t\t\t\t<div class=\"e-con-inner\">\n\t\t<div class=\"elementor-element elementor-element-8ecddc6 e-con-full e-flex e-con e-child\" data-id=\"8ecddc6\" data-element_type=\"container\">\n\t\t\t\t<div class=\"elementor-element elementor-element-e58dda5 elementor-widget elementor-widget-hub_fancy_heading\" data-id=\"e58dda5\" data-element_type=\"widget\" data-widget_type=\"hub_fancy_heading.default\">\n\t\t\t\t<div class=\"elementor-widget-container\">\n\t\t\t\t\t\n\t\t<div id=\"ld-fancy-heading-69e5b784e016e\" class=\"ld-fancy-heading pos-rel\">\n\t\t\t<h2 class=\"ld-fh-element d-inline-block pos-rel  elementor-heading-title lqd-highlight-classic lqd-highlight-grow-left h2\"  > Lediga jobb.\n<\/h2>\t\t<\/div>\n\n\t\t\t\t\t\t<\/div>\n\t\t\t\t<\/div>\n\t\t\t\t<\/div>\n\t\t\t\t<div class=\"elementor-element elementor-element-6d10379 elementor-grid-1 elementor-grid-tablet-2 elementor-grid-mobile-1 elementor-widget elementor-widget-loop-grid\" data-id=\"6d10379\" data-element_type=\"widget\" data-settings=\"{&quot;template_id&quot;:12670,&quot;columns&quot;:1,&quot;row_gap&quot;:{&quot;unit&quot;:&quot;px&quot;,&quot;size&quot;:0,&quot;sizes&quot;:[]},&quot;_skin&quot;:&quot;post&quot;,&quot;columns_tablet&quot;:&quot;2&quot;,&quot;columns_mobile&quot;:&quot;1&quot;,&quot;edit_handle_selector&quot;:&quot;[data-elementor-type=\\&quot;loop-item\\&quot;]&quot;,&quot;row_gap_tablet&quot;:{&quot;unit&quot;:&quot;px&quot;,&quot;size&quot;:&quot;&quot;,&quot;sizes&quot;:[]},&quot;row_gap_mobile&quot;:{&quot;unit&quot;:&quot;px&quot;,&quot;size&quot;:&quot;&quot;,&quot;sizes&quot;:[]}}\" data-widget_type=\"loop-grid.post\">\n\t\t\t\t<div class=\"elementor-widget-container\">\n\t\t\t\t\t\t\t<div class=\"elementor-loop-container elementor-grid\">\n\t\t<style id=\"loop-12670\">.elementor-12670 .elementor-element.elementor-element-b1c359a{--display:flex;}.elementor-12670 .elementor-element.elementor-element-84e928d{--display:flex;--border-radius:5px 5px 5px 5px;box-shadow:0px 26px 59px 0px rgba(85.00000000000001, 92.99999999999999, 131, 0.07);--padding-top:0px;--padding-bottom:0px;--padding-left:0px;--padding-right:0px;}.elementor-12670 .elementor-element.elementor-element-84e928d:not(.elementor-motion-effects-element-type-background), .elementor-12670 .elementor-element.elementor-element-84e928d > .elementor-motion-effects-container > .elementor-motion-effects-layer{background-color:#FFFFFF;}.elementor-12670 .elementor-element.elementor-element-9609c01{--display:flex;--flex-direction:row;--container-widget-width:calc( ( 1 - var( --container-widget-flex-grow ) ) * 100% );--container-widget-height:100%;--container-widget-flex-grow:1;--container-widget-align-self:stretch;--flex-wrap-mobile:wrap;--align-items:stretch;--gap:10px 10px;--row-gap:10px;--column-gap:10px;border-style:solid;--border-style:solid;border-width:0px 0px 1px 0px;--border-top-width:0px;--border-right-width:0px;--border-bottom-width:1px;--border-left-width:0px;border-color:#F8F8FD;--border-color:#F8F8FD;--padding-top:10px;--padding-bottom:0px;--padding-left:25px;--padding-right:25px;}.elementor-12670 .elementor-element.elementor-element-1c7f401{--display:flex;--justify-content:center;}.elementor-12670 .elementor-element.elementor-element-3bf35d6 .ld-fh-element{font-size:18px;margin:0px 0px 15px 0px;}.elementor-12670 .elementor-element.elementor-element-3bf35d6 .lqd-highlight-inner, .elementor-12670 .elementor-element.elementor-element-3bf35d6 .lqd-highlight-inner .lqd-highlight-brush-svg{height:0.275em;}.elementor-12670 .elementor-element.elementor-element-3bf35d6 .lqd-highlight-inner{bottom:0em;left:0em;}.elementor-12670 .elementor-element.elementor-element-9e9df17{--display:flex;--justify-content:center;}.elementor-12670 .elementor-element.elementor-element-0115474 .ld-fh-element{font-size:14px;margin:0px 0px 15px 0px;}.elementor-12670 .elementor-element.elementor-element-0115474 .lqd-highlight-inner, .elementor-12670 .elementor-element.elementor-element-0115474 .lqd-highlight-inner .lqd-highlight-brush-svg{height:0.275em;}.elementor-12670 .elementor-element.elementor-element-0115474 .lqd-highlight-inner{bottom:0em;left:0em;}.elementor-12670 .elementor-element.elementor-element-cf20a8a{--display:flex;--justify-content:center;}.elementor-12670 .elementor-element.elementor-element-7a5b056 .btn{background-color:#02010100;color:var( --e-global-color-12aa13b );fill:var( --e-global-color-12aa13b );border-style:solid;border-width:2px 2px 2px 2px;border-radius:100px 100px 100px 100px;--btn-pt:0.85em;--btn-pe:1.75em;--btn-pb:0.85em;--btn-ps:1.75em;padding:0.85em 1.75em 0.85em 1.75em;}.elementor-12670 .elementor-element.elementor-element-7a5b056 .btn:hover, .elementor-12670 .elementor-element.elementor-element-7a5b056 .btn:focus{background-color:var( --e-global-color-12aa13b );color:#FFFFFF;border-style:solid;border-width:2px 2px 2px 2px;border-color:var( --e-global-color-12aa13b );}.elementor-12670 .elementor-element.elementor-element-7a5b056{width:auto;max-width:auto;}.elementor-12670 .elementor-element.elementor-element-7a5b056 > .elementor-widget-container{margin:0px 0px 15px 0px;}@media(max-width:767px){.elementor-12670 .elementor-element.elementor-element-9609c01{--padding-top:25px;--padding-bottom:0px;--padding-left:25px;--padding-right:25px;}.elementor-12670 .elementor-element.elementor-element-1c7f401{--padding-top:0px;--padding-bottom:0px;--padding-left:0px;--padding-right:0px;}.elementor-12670 .elementor-element.elementor-element-9e9df17{--padding-top:0px;--padding-bottom:0px;--padding-left:0px;--padding-right:0px;}.elementor-12670 .elementor-element.elementor-element-cf20a8a{--padding-top:0px;--padding-bottom:0px;--padding-left:0px;--padding-right:0px;}}@media(min-width:768px){.elementor-12670 .elementor-element.elementor-element-84e928d{--width:100%;}}<\/style>\t\t<div data-elementor-type=\"loop-item\" data-elementor-id=\"12670\" class=\"elementor elementor-12670 elementor-12542 e-loop-item e-loop-item-12655 post-12655 job_ads type-job_ads status-publish hentry\" data-elementor-post-type=\"elementor_library\" data-custom-edit-handle=\"1\">\n\t\t\t<div class=\"elementor-element elementor-element-b1c359a e-flex e-con-boxed e-con e-parent\" data-id=\"b1c359a\" data-element_type=\"container\">\n\t\t\t\t\t<div class=\"e-con-inner\">\n\t\t<div class=\"elementor-element elementor-element-84e928d e-con-full e-flex e-con e-child\" data-id=\"84e928d\" data-element_type=\"container\" data-settings=\"{&quot;background_background&quot;:&quot;classic&quot;}\">\n\t\t<div class=\"elementor-element elementor-element-9609c01 e-con-full e-flex e-con e-child\" data-id=\"9609c01\" data-element_type=\"container\">\n\t\t<div class=\"elementor-element elementor-element-1c7f401 e-con-full e-flex e-con e-child\" data-id=\"1c7f401\" data-element_type=\"container\">\n\t\t\t\t<div class=\"elementor-element elementor-element-3bf35d6 elementor-widget elementor-widget-hub_fancy_heading\" data-id=\"3bf35d6\" data-element_type=\"widget\" data-widget_type=\"hub_fancy_heading.default\">\n\t\t\t\t<div class=\"elementor-widget-container\">\n\t\t\t\t\t\n\t\t<div id=\"ld-fancy-heading-69e5b78524b43\" class=\"ld-fancy-heading pos-rel\">\n\t\t\t<h3 class=\"ld-fh-element d-inline-block pos-rel  elementor-heading-title lqd-highlight-classic lqd-highlight-grow-left h3\"  > .Net developer<\/h3>\t\t<\/div>\n\n\t\t\t\t\t\t<\/div>\n\t\t\t\t<\/div>\n\t\t\t\t<\/div>\n\t\t<div class=\"elementor-element elementor-element-9e9df17 e-con-full e-flex e-con e-child\" data-id=\"9e9df17\" data-element_type=\"container\">\n\t\t\t\t<div class=\"elementor-element elementor-element-0115474 elementor-widget elementor-widget-hub_fancy_heading\" data-id=\"0115474\" data-element_type=\"widget\" data-widget_type=\"hub_fancy_heading.default\">\n\t\t\t\t<div class=\"elementor-widget-container\">\n\t\t\t\t\t\n\t\t<div id=\"ld-fancy-heading-69e5b7852510c\" class=\"ld-fancy-heading pos-rel\">\n\t\t\t<p class=\"ld-fh-element d-inline-block pos-rel  lqd-highlight-classic lqd-highlight-grow-left p\"  > Heltidsanst\u00e4llnin<\/p>\t\t<\/div>\n\n\t\t\t\t\t\t<\/div>\n\t\t\t\t<\/div>\n\t\t\t\t<\/div>\n\t\t<div class=\"elementor-element elementor-element-cf20a8a e-con-full e-flex e-con e-child\" data-id=\"cf20a8a\" data-element_type=\"container\">\n\t\t\t\t<div class=\"elementor-element elementor-element-7a5b056 elementor-widget__width-auto elementor-align-center elementor-mobile-align-justify elementor-widget elementor-widget-ld_button\" data-id=\"7a5b056\" data-element_type=\"widget\" data-widget_type=\"ld_button.default\">\n\t\t\t\t<div class=\"elementor-widget-container\">\n\t\t\t\t\t\n\t\t\t<a\n\t\t\t\thref=\"https:\/\/synerall.com\/sv\/job-ads\/net-developer\/\"class=\"elementor-button btn btn-solid btn-sm btn-icon-shaped btn-has-label\"\t\t\t>\n\t\t\t\t\t\t\t\t\t<span data-text=\"Jobbdetaljer\" class=\"btn-txt\">\n\t\t\t\t\t\tJobbdetaljer\t\t\t\t\t<\/span>\n\t\t\t\t\t\t\t\t\t\t\t<\/a>\n\t\t\t\t\t\t\t<\/div>\n\t\t\t\t<\/div>\n\t\t\t\t<\/div>\n\t\t\t\t<\/div>\n\t\t\t\t<\/div>\n\t\t\t\t\t<\/div>\n\t\t\t\t<\/div>\n\t\t\t\t<\/div>\n\t\t\t\t<\/div>\n\t\t\n\t\t\t\t\t\t<\/div>\n\t\t\t\t<\/div>\n\t\t<div class=\"elementor-element elementor-element-fbebac5 e-con-full e-flex e-con e-child\" data-id=\"fbebac5\" data-element_type=\"container\">\n\t\t\t\t<div class=\"elementor-element elementor-element-e7292d0 elementor-align-center elementor-widget elementor-widget-ld_button\" data-id=\"e7292d0\" data-element_type=\"widget\" data-widget_type=\"ld_button.default\">\n\t\t\t\t<div class=\"elementor-widget-container\">\n\t\t\t\t\t\n\t\t\t<a\n\t\t\t\thref=\"https:\/\/synerall.com\/contact\/\"class=\"elementor-button btn btn-underlined border-thin btn-icon-shaped btn-has-label\"\t\t\t>\n\t\t\t\t\t\t\t\t\t<span data-text=\"Inga jobb f\u00f6r dig? Skriv till oss\" class=\"btn-txt\">\n\t\t\t\t\t\tInga jobb f\u00f6r dig? Skriv till oss\t\t\t\t\t<\/span>\n\t\t\t\t\t\t\t\t\t\t\t<\/a>\n\t\t\t\t\t\t\t<\/div>\n\t\t\t\t<\/div>\n\t\t\t\t<\/div>\n\t\t\t\t\t<\/div>\n\t\t\t\t<\/div>\n\t\t<div class=\"elementor-element elementor-element-4b18b5e elementor-hidden-desktop elementor-hidden-tablet elementor-hidden-mobile e-flex e-con-boxed e-con e-parent\" data-id=\"4b18b5e\" data-element_type=\"container\">\n\t\t\t\t\t<div class=\"e-con-inner\">\n\t\t<div class=\"elementor-element elementor-element-26d50c6 e-flex e-con-boxed e-con e-child\" data-id=\"26d50c6\" data-element_type=\"container\">\n\t\t\t\t\t<div class=\"e-con-inner\">\n\t\t<div class=\"elementor-element elementor-element-3db2f4b e-flex e-con-boxed e-con e-child\" data-id=\"3db2f4b\" data-element_type=\"container\" data-settings=\"{&quot;background_background&quot;:&quot;classic&quot;}\">\n\t\t\t\t\t<div class=\"e-con-inner\">\n\t\t<div class=\"elementor-element elementor-element-2cfa1ea e-con-full e-flex e-con e-child\" data-id=\"2cfa1ea\" data-element_type=\"container\">\n\t\t\t\t<div class=\"elementor-element elementor-element-76d210c elementor-widget__width-initial elementor-widget elementor-widget-ld_carousel\" data-id=\"76d210c\" data-element_type=\"widget\" data-widget_type=\"ld_carousel.default\">\n\t\t\t\t<div class=\"elementor-widget-container\">\n\t\t\t\t\t\n\t\t<div class=\"carousel-container pos-rel carousel-nav-shaped carousel-dots-mobile-outside carousel-dots-mobile-center\" id=\"employee-carousel\" >\n\n\t\t\t<div class=\"carousel-items pos-rel \"  data-lqd-flickity='{\"controllingCarousels\":[\"employee-carousel\"],\"cellAlign\":\"left\",\"groupCells\":false,\"prevNextButtons\":false,\"pageDots\":false}'>\n\n\t\t\t\t\t\t\t\t<div class=\"flickity-viewport pos-rel w-100 overflow-hidden\">\n\t\t\t\t\t<div class=\"flickity-slider d-flex w-100 h-100 pos-rel align-items-start\" style=\"left: 0; transform: translateX(0%);\">\n\t\t\t\t\t\t\t\t\t\t\t\t\t\t\t<div class=\"carousel-item d-flex flex-column justify-content-center\">\n\t\t\t\t\t\t\t\t\t\t<div class=\"carousel-item-inner pos-rel w-100\">\n\t\t\t\t\t\t\t\t\t\t\t<div class=\"carousel-item-content pos-rel w-100\">\n\t\t\t\t\t\t\t\t\t\t\t\t<img fetchpriority=\"high\" decoding=\"async\" width=\"889\" height=\"853\" src=\"https:\/\/synerall.com\/wp-content\/uploads\/2023\/11\/Testimonial-Developer.png\" class=\"attachment-full size-full\" alt=\"\" srcset=\"https:\/\/synerall.com\/wp-content\/uploads\/2023\/11\/Testimonial-Developer.png 889w, https:\/\/synerall.com\/wp-content\/uploads\/2023\/11\/Testimonial-Developer-300x288.png 300w\" sizes=\"(max-width: 889px) 100vw, 889px\" itemprop=\"image\" \/>\t\t\t\t\t\t\t\t\t\t\t<\/div>\n\t\t\t\t\t\t\t\t\t\t<\/div>\n\t\t\t\t\t\t\t\t\t<\/div>\n\t\t\t\t\t\t\t\t\t\t\t\t\t\t\t\t\t<div class=\"carousel-item d-flex flex-column justify-content-center\">\n\t\t\t\t\t\t\t\t\t\t<div class=\"carousel-item-inner pos-rel w-100\">\n\t\t\t\t\t\t\t\t\t\t\t<div class=\"carousel-item-content pos-rel w-100\">\n\t\t\t\t\t\t\t\t\t\t\t\t<img decoding=\"async\" width=\"750\" height=\"750\" src=\"data:image\/svg+xml;charset=utf-8,%3Csvg xmlns%3D&#039;http%3A%2F%2Fwww.w3.org%2F2000%2Fsvg&#039; viewBox%3D&#039;0 0 750 750&#039;%2F%3E\" class=\"attachment-full size-full ld-lazyload\" alt=\"\" itemprop=\"image\" data-src=\"https:\/\/synerall.com\/wp-content\/uploads\/2023\/11\/agency-1@2x-1.png\" data-srcset=\"https:\/\/synerall.com\/wp-content\/uploads\/2023\/11\/agency-1@2x-1.png 750w, https:\/\/synerall.com\/wp-content\/uploads\/2023\/11\/agency-1@2x-1-300x300.png 300w, https:\/\/synerall.com\/wp-content\/uploads\/2023\/11\/agency-1@2x-1-150x150.png 150w, https:\/\/synerall.com\/wp-content\/uploads\/2023\/11\/agency-1@2x-1-320x320.png 320w\" data-sizes=\"(max-width: 750px) 100vw, 750px\" data-aspect=\"1\" \/>\t\t\t\t\t\t\t\t\t\t\t<\/div>\n\t\t\t\t\t\t\t\t\t\t<\/div>\n\t\t\t\t\t\t\t\t\t<\/div>\n\t\t\t\t\t\t\t\t\t\t\t\t\t<\/div>\n\t\t\t\t<\/div>\n\t\t\t<\/div>\n\t\t\t\n\t\t\t\n\t\t<\/div>\n\t\t\t\t\t\t<\/div>\n\t\t\t\t<\/div>\n\t\t\t\t<\/div>\n\t\t<div class=\"elementor-element elementor-element-01d90ab e-con-full e-flex e-con e-child\" data-id=\"01d90ab\" data-element_type=\"container\">\n\t\t\t\t<div class=\"elementor-element elementor-element-5727e44 elementor-widget elementor-widget-hub_fancy_heading\" data-id=\"5727e44\" data-element_type=\"widget\" data-widget_type=\"hub_fancy_heading.default\">\n\t\t\t\t<div class=\"elementor-widget-container\">\n\t\t\t\t\t\n\t\t<div id=\"ld-fancy-heading-69e5b78534f84\" class=\"ld-fancy-heading pos-rel\">\n\t\t\t<h6 class=\"ld-fh-element d-inline-block pos-rel  elementor-heading-title lqd-highlight-classic lqd-highlight-grow-left h6\"  > V\u00e5ra anst\u00e4llda ber\u00e4ttar.\n<\/h6>\t\t<\/div>\n\n\t\t\t\t\t\t<\/div>\n\t\t\t\t<\/div>\n\t\t\t\t<div class=\"elementor-element elementor-element-4923b23 elementor-widget elementor-widget-ld_carousel\" data-id=\"4923b23\" data-element_type=\"widget\" data-widget_type=\"ld_carousel.default\">\n\t\t\t\t<div class=\"elementor-widget-container\">\n\t\t\t\t\t\n\t\t<div class=\"carousel-container pos-rel carousel-nav-left carousel-nav-lg carousel-nav-shaped carousel-nav-solid carousel-nav-circle carousel-nav-left no carousel-dots-mobile-outside carousel-dots-mobile-left yes\" id=\"\" >\n\n\t\t\t<div class=\"carousel-items pos-rel \"  data-lqd-flickity='{\"prevNextButtons\":true,\"groupCells\":true,\"navArrow\":\"6\",\"controllingCarousels\":[\"#employee-carousel\"],\"cellAlign\":\"left\",\"buttonsAppendTo\":\"self\",\"addSlideNumbersToArrows\":false,\"pageDots\":false}'>\n\n\t\t\t\t\t\t\t\t<div class=\"flickity-viewport pos-rel w-100 overflow-hidden\">\n\t\t\t\t\t<div class=\"flickity-slider d-flex w-100 h-100 pos-rel align-items-start\" style=\"left: 0; transform: translateX(0%);\">\n\t\t\t\t\t\t\t\t\t\t\t\t\t<div class=\"carousel-item d-flex flex-column justify-content-center elementor-repeater-item-7c867b5\">\n\t\t\t\t\t\t\t\t<div class=\"carousel-item-inner pos-rel w-100\">\n\t\t\t\t\t\t\t\t\t<div class=\"carousel-item-content pos-rel w-100\">\n\n\t\t\t\t\t\t\t\t\t\t<h5><span style=\"font-size: 23px; font-weight: 400; line-height: 35px; color: #04014c;\">\u201cI think Synerall is the best I ever seen this year. Amazing design, easy to customize and a design quality superlative.\u201d<\/span><\/h5><h3 class=\"mb-0\"><span style=\"font-size: 15px; color: #04014c;\">ANDREA BOCELLI<\/span><\/h3><h6><span style=\"font-size: 12px; color: rgba(0,35,82,0.35); margin: 0;\">DEVELOPER<\/span><\/h6>\t\t\t\t\t\t\t\t\t<\/div>\n\t\t\t\t\t\t\t\t<\/div>\n\t\t\t\t\t\t\t<\/div>\n\t\t\t\t\t\t\t\t\t\t\t\t\t<div class=\"carousel-item d-flex flex-column justify-content-center elementor-repeater-item-7a9f0f9\">\n\t\t\t\t\t\t\t\t<div class=\"carousel-item-inner pos-rel w-100\">\n\t\t\t\t\t\t\t\t\t<div class=\"carousel-item-content pos-rel w-100\">\n\n\t\t\t\t\t\t\t\t\t\t<h5><span style=\"font-size: 23px; font-weight: 400; line-height: 35px; color: #04014c;\">\u201cI think Hub is the best theme I ever seen this year. Amazing design, easy to customize and a design quality superlative.\u201d<\/span><\/h5><h3 class=\"mb-0\"><span style=\"font-size: 15px; color: #04014c;\">FELICIA MARCI<\/span><\/h3><h6><span style=\"font-size: 12px; color: rgba(0,35,82,0.35); margin: 0;\">TWITTER CEO<\/span><\/h6>\t\t\t\t\t\t\t\t\t<\/div>\n\t\t\t\t\t\t\t\t<\/div>\n\t\t\t\t\t\t\t<\/div>\n\t\t\t\t\t\t\t\t\t\t\t\t\t<div class=\"carousel-item d-flex flex-column justify-content-center elementor-repeater-item-62c4258\">\n\t\t\t\t\t\t\t\t<div class=\"carousel-item-inner pos-rel w-100\">\n\t\t\t\t\t\t\t\t\t<div class=\"carousel-item-content pos-rel w-100\">\n\n\t\t\t\t\t\t\t\t\t\t<h5><span style=\"font-size: 23px; font-weight: 400; line-height: 35px; color: #04014c;\">\u201cI think Hub is the best theme I ever seen this year. Amazing design, easy to customize and a design quality superlative.\u201d<\/span><\/h5><h3 class=\"mb-0\"><span style=\"font-size: 15px; color: #04014c;\">FELICIA MARCI<\/span><\/h3><h6><span style=\"font-size: 12px; color: rgba(0,35,82,0.35); margin: 0;\">TWITTER CEO<\/span><\/h6>\t\t\t\t\t\t\t\t\t<\/div>\n\t\t\t\t\t\t\t\t<\/div>\n\t\t\t\t\t\t\t<\/div>\n\t\t\t\t\t\t\t\t\t\t\t<\/div>\n\t\t\t\t<\/div>\n\t\t\t<\/div>\n\t\t\t\n\t\t\t\n\t\t<\/div>\n\t\t\t\t\t\t<\/div>\n\t\t\t\t<\/div>\n\t\t\t\t<\/div>\n\t\t\t\t\t<\/div>\n\t\t\t\t<\/div>\n\t\t\t\t\t<\/div>\n\t\t\t\t<\/div>\n\t\t\t\t\t<\/div>\n\t\t\t\t<\/div>\n\t\t\t\t<\/div>\n\t\t","protected":false},"excerpt":{"rendered":"<p>Jobba med oss Jobba med oss Vi s\u00f6ker kontinuerligt erfarna systemutvecklare, testare och supportpersonal. Hos oss f\u00e5r du m\u00f6jlighet att utveckla en tj\u00e4nst som g\u00f6r v\u00e5ra kunders dag b\u00e4ttre. V\u00e5rt arbete har en betydande samh\u00e4llsdimension, vilket bidrar till arbetets meningsfullhet. Vi hj\u00e4lper energibolag i den gr\u00f6na omst\u00e4llningen och g\u00f6r m\u00e4nniskors vardag smidigare. Hundratusentals m\u00e4nniskor hittar [&hellip;]<\/p>\n","protected":false},"author":12,"featured_media":0,"parent":0,"menu_order":0,"comment_status":"closed","ping_status":"closed","template":"","meta":{"footnotes":""},"class_list":["post-12011","page","type-page","status-publish","hentry"],"_links":{"self":[{"href":"https:\/\/synerall.com\/sv\/wp-json\/wp\/v2\/pages\/12011","targetHints":{"allow":["GET"]}}],"collection":[{"href":"https:\/\/synerall.com\/sv\/wp-json\/wp\/v2\/pages"}],"about":[{"href":"https:\/\/synerall.com\/sv\/wp-json\/wp\/v2\/types\/page"}],"author":[{"embeddable":true,"href":"https:\/\/synerall.com\/sv\/wp-json\/wp\/v2\/users\/12"}],"replies":[{"embeddable":true,"href":"https:\/\/synerall.com\/sv\/wp-json\/wp\/v2\/comments?post=12011"}],"version-history":[{"count":10,"href":"https:\/\/synerall.com\/sv\/wp-json\/wp\/v2\/pages\/12011\/revisions"}],"predecessor-version":[{"id":12682,"href":"https:\/\/synerall.com\/sv\/wp-json\/wp\/v2\/pages\/12011\/revisions\/12682"}],"wp:attachment":[{"href":"https:\/\/synerall.com\/sv\/wp-json\/wp\/v2\/media?parent=12011"}],"curies":[{"name":"wp","href":"https:\/\/api.w.org\/{rel}","templated":true}]}}